{"id":3479,"date":"2023-04-10T18:48:23","date_gmt":"2023-04-10T18:48:23","guid":{"rendered":"https:\/\/greenmanufacturing.tech\/apie-projekta\/"},"modified":"2023-07-10T11:19:59","modified_gmt":"2023-07-10T11:19:59","slug":"apie-projekta","status":"publish","type":"page","link":"https:\/\/greenmanufacturing.tech\/lt\/apie-projekta\/","title":{"rendered":"Apie projekt\u0105"},"content":{"rendered":"<section class=\"l-section wpb_row us_custom_315b8835 height_medium\"><div class=\"l-section-h i-cf\"><div class=\"g-cols vc_row via_grid cols_1-2 laptops-cols_inherit tablets-cols_inherit mobiles-cols_1 valign_middle type_default reversed\" style=\"grid-gap:5vw;\"><div class=\"wpb_column vc_column_container\"><div class=\"vc_column-inner\"><div class=\"w-image align_none\"><div class=\"w-image-h\"><img loading=\"lazy\" decoding=\"async\" width=\"535\" height=\"600\" src=\"https:\/\/greenmanufacturing.tech\/wp-content\/uploads\/2023\/04\/Norway_grants@4x-913x1024-1-535x600-1.png\" class=\"attachment-large size-large\" alt=\"\" srcset=\"https:\/\/greenmanufacturing.tech\/wp-content\/uploads\/2023\/04\/Norway_grants@4x-913x1024-1-535x600-1.png 535w, https:\/\/greenmanufacturing.tech\/wp-content\/uploads\/2023\/04\/Norway_grants@4x-913x1024-1-535x600-1-268x300.png 268w\" sizes=\"(max-width: 535px) 100vw, 535px\" \/><\/div><\/div><\/div><\/div><div class=\"wpb_column vc_column_container us_custom_7e20fa79 us_animate_this\"><div class=\"vc_column-inner\"><div class=\"wpb_text_column\"><div class=\"wpb_wrapper\"><p><strong>Apie projekt\u0105: \u201eUAB \u201eModernios E-Technologijos\u201c konkurencingumo didinimas per \u017eali\u0173j\u0173 technologij\u0173 pl\u0117tr\u0105\u201c<\/strong><\/p>\n<p><span style=\"font-weight: 400;\">Projekto tikslas yra \u012fdiegti inovatyvias fotovoltini\u0173 moduli\u0173 gamybos technologijas, kurios ma\u017eina neigiam\u0105 poveik\u012f gamtai.<\/span><\/p>\n<p><span style=\"font-weight: 400;\">Projekto santrauka \u2013 atsi\u017evelgiant \u012f \u0161iuolaikinio rinkos poreikius, siekiant pasiekti \u0161alies energetin\u0119 nepriklausomyb\u0119 ir atsi\u017evelgiant \u012f \u201e\u017daliojo Kurso\u201c politikos \u012fgyvendinim\u0105, skatinant atsinaujinan\u010di\u0173 energijos \u0161altini\u0173 energijos gamyb\u0105 ir naudojim\u0105 bei UAB \u201eModernios E-Technologijos\u201c strateginius ilgalaikius tikslus, projektas siekia pl\u0117toti ir \u012fdiegti naujas technologines sprendimus fotovoltini\u0173 moduli\u0173 gamybai, remiantis \u017eiedin\u0117s ekonomikos principais, ma\u017einant energijos s\u0105naudas ir CO2 p\u0117dsak\u0105. Projekto metu, d\u0117ka 2014-2021 met\u0173 Norvegijos finansinio mechanizmo ir Lietuvos Respublikos biud\u017eeto <\/span>\u00a0<span style=\"font-weight: 400;\">investicij\u0173, siekiama modifikuoti esam\u0105 gamybos technologij\u0105 ir j\u0105 pritaikyti stiklas-stiklui fotovoltini\u0173 moduli\u0173 gamybai, optimizuoti ir dalinai automatizuoti.<\/span><\/p>\n<p><span style=\"font-weight: 400;\">Projektas bus \u012fgyvendinamas kartu su partneriu SUNLIT SEA AS i\u0161 Norvegijos, kuris specializuojasi fotovoltini\u0173 moduli\u0173 prototip\u0173 ir gamybos technologij\u0173 pl\u0117troje, veikian\u010di\u0173 agresyviomis aplinkos s\u0105lygomis. Tikimasi, kad projektini\u0173 veikl\u0173 \u012fgyvendinimas kartu su partneriu, jo patirtis technologini\u0173 konsultacij\u0173 atlikime u\u017etikrins s\u0117kming\u0105 numatyt\u0173 projektini\u0173 u\u017eduo\u010di\u0173 \u012fgyvendinim\u0105 ir u\u017etikrins tolesn\u012f abipus\u012f ilgalaik\u012f tvar\u0173 bendradarbiavim\u0105 tarp bendrovi\u0173.<\/span><\/p>\n<p><span style=\"font-weight: 400;\">Projekto informacija Projekto vykdytojas: UAB \u201eModernios E-Technologijos\u201c (<\/span><a href=\"https:\/\/met.lt\/\"><span style=\"font-weight: 400;\">https:\/\/met.lt<\/span><\/a><span style=\"font-weight: 400;\">) Projekto Nr.: LT07-1-EIM-K04-001 Projekto partneris: SUNLIT SEA AS (Norvegija) (<\/span><a href=\"https:\/\/sunlitsea.no\/\"><span style=\"font-weight: 400;\">https:\/\/sunlitsea.no\/<\/span><\/a><span style=\"font-weight: 400;\">) Projekto biud\u017eetas: 634,111.90 EUR.<\/span><\/p>\n<p><span style=\"font-weight: 400;\">Projekt\u0105 finansuoja Norvegijos fond\u0173 ir Lietuvos Respublikos biud\u017eeto 2014-2021 met\u0173 finansinis mechanizmas.<\/span><\/p>\n<\/div><\/div><\/div><\/div><\/div><\/div><\/section><section class=\"l-section wpb_row us_custom_315b8835 height_medium\"><div class=\"l-section-h i-cf\"><div class=\"g-cols vc_row via_grid cols_2-1 laptops-cols_inherit tablets-cols_inherit mobiles-cols_1 valign_middle type_default\" style=\"grid-gap:5vw;\"><div class=\"wpb_column vc_column_container us_custom_7e20fa79 us_animate_this\"><div class=\"vc_column-inner\"><div class=\"wpb_text_column\"><div class=\"wpb_wrapper\"><p><strong>Projekto informacija<\/strong><\/p>\n<p><span style=\"font-weight: 400;\"><strong>Projekto vykdytojas:<\/strong> UAB \u201eModernios E-Technologijos\u201c (<\/span><a href=\"https:\/\/met.lt\/\"><span style=\"font-weight: 400;\">https:\/\/met.lt<\/span><\/a><span style=\"font-weight: 400;\">) <\/span><\/p>\n<p><span style=\"font-weight: 400;\"><strong>Projekto Nr.<\/strong>: LT07-1-EIM-K04-001 Projekto partneris: SUNLIT SEA AS (Norvegija) (<\/span><a href=\"https:\/\/sunlitsea.no\/\"><span style=\"font-weight: 400;\">https:\/\/sunlitsea.no\/<\/span><\/a><span style=\"font-weight: 400;\">) <\/span><\/p>\n<p><span style=\"font-weight: 400;\"><strong>Projekto biud\u017eetas:<\/strong> 634,111.90 EUR.<\/span><\/p>\n<\/div><\/div><\/div><\/div><div class=\"wpb_column vc_column_container us_custom_47474b22 us_animate_this\"><div class=\"vc_column-inner\"><div class=\"w-image us_custom_0db20381 align_none\"><div class=\"w-image-h\"><img loading=\"lazy\" decoding=\"async\" width=\"926\" height=\"1024\" src=\"https:\/\/greenmanufacturing.tech\/wp-content\/uploads\/2023\/04\/green-manu-926x1024.jpg\" class=\"attachment-large size-large\" alt=\"\" srcset=\"https:\/\/greenmanufacturing.tech\/wp-content\/uploads\/2023\/04\/green-manu-926x1024.jpg 926w, https:\/\/greenmanufacturing.tech\/wp-content\/uploads\/2023\/04\/green-manu-271x300.jpg 271w, https:\/\/greenmanufacturing.tech\/wp-content\/uploads\/2023\/04\/green-manu.jpg 1600w\" sizes=\"(max-width: 926px) 100vw, 926px\" \/><\/div><\/div><\/div><\/div><\/div><\/div><\/section>\n","protected":false},"excerpt":{"rendered":"Apie projekt\u0105: \u201eUAB \u201eModernios E-Technologijos\u201c konkurencingumo didinimas per \u017eali\u0173j\u0173 technologij\u0173 pl\u0117tr\u0105\u201c Projekto tikslas yra \u012fdiegti inovatyvias fotovoltini\u0173 moduli\u0173 gamybos technologijas, kurios ma\u017eina neigiam\u0105 poveik\u012f gamtai. Projekto santrauka \u2013 atsi\u017evelgiant \u012f \u0161iuolaikinio rinkos poreikius, siekiant pasiekti \u0161alies energetin\u0119 nepriklausomyb\u0119 ir atsi\u017evelgiant \u012f \u201e\u017daliojo Kurso\u201c politikos \u012fgyvendinim\u0105, skatinant atsinaujinan\u010di\u0173 energijos \u0161altini\u0173 energijos gamyb\u0105 ir naudojim\u0105 bei UAB...","protected":false},"author":1,"featured_media":0,"parent":0,"menu_order":0,"comment_status":"closed","ping_status":"closed","template":"","meta":{"_monsterinsights_skip_tracking":false,"_monsterinsights_sitenote_active":false,"_monsterinsights_sitenote_note":"","_monsterinsights_sitenote_category":0,"footnotes":""},"_links":{"self":[{"href":"https:\/\/greenmanufacturing.tech\/lt\/wp-json\/wp\/v2\/pages\/3479"}],"collection":[{"href":"https:\/\/greenmanufacturing.tech\/lt\/wp-json\/wp\/v2\/pages"}],"about":[{"href":"https:\/\/greenmanufacturing.tech\/lt\/wp-json\/wp\/v2\/types\/page"}],"author":[{"embeddable":true,"href":"https:\/\/greenmanufacturing.tech\/lt\/wp-json\/wp\/v2\/users\/1"}],"replies":[{"embeddable":true,"href":"https:\/\/greenmanufacturing.tech\/lt\/wp-json\/wp\/v2\/comments?post=3479"}],"version-history":[{"count":5,"href":"https:\/\/greenmanufacturing.tech\/lt\/wp-json\/wp\/v2\/pages\/3479\/revisions"}],"predecessor-version":[{"id":3484,"href":"https:\/\/greenmanufacturing.tech\/lt\/wp-json\/wp\/v2\/pages\/3479\/revisions\/3484"}],"wp:attachment":[{"href":"https:\/\/greenmanufacturing.tech\/lt\/wp-json\/wp\/v2\/media?parent=3479"}],"curies":[{"name":"wp","href":"https:\/\/api.w.org\/{rel}","templated":true}]}}