{"id":3506,"date":"2023-04-10T19:24:13","date_gmt":"2023-04-10T19:24:13","guid":{"rendered":"https:\/\/greenmanufacturing.tech\/tinklarastis\/"},"modified":"2023-07-10T13:41:07","modified_gmt":"2023-07-10T13:41:07","slug":"tinklarastis","status":"publish","type":"page","link":"https:\/\/greenmanufacturing.tech\/lt\/tinklarastis\/","title":{"rendered":"Tinklara\u0161tis"},"content":{"rendered":"<section class=\"l-section wpb_row height_medium\"><div class=\"l-section-h i-cf\"><div class=\"g-cols vc_row via_grid cols_1 laptops-cols_inherit tablets-cols_inherit mobiles-cols_1 valign_top type_default stacking_default\"><div class=\"wpb_column vc_column_container\"><div class=\"vc_column-inner\"><div class=\"w-grid type_grid layout_blog_8 cols_2 overflow_hidden\" id=\"us_grid_1\" data-filterable=\"true\"><style>#us_grid_1 .w-grid-item{padding:1.5rem}#us_grid_1 .w-grid-list{margin:-1.5rem}.w-grid + #us_grid_1 .w-grid-list,.w-grid-none + #us_grid_1 .w-grid-list{margin-top:1.5rem}@media (max-width:600px){#us_grid_1 .w-grid-list{margin:0}#us_grid_1 .w-grid-item{width:100%;padding:0;margin-bottom:1.5rem}}.layout_blog_8 .w-grid-item-h{}@media(max-width:599px){.layout_blog_8 .usg_post_date_1{display:none!important}}@media(max-width:599px){.layout_blog_8 .usg_post_content_1{display:none!important}}.layout_blog_8 .usg_post_image_1{width:50%!important}.layout_blog_8 .usg_vwrapper_1{width:50%!important;margin-right:0!important}.layout_blog_8 .usg_hwrapper_2{margin-bottom:0!important}.layout_blog_8 .usg_post_taxonomy_1{font-size:14px!important;line-height:1.4!important;font-weight:700!important;text-transform:uppercase!important;margin-right:0.8rem!important}.layout_blog_8 .usg_post_date_1{color:var(--color-content-faded)!important;font-size:14px!important;line-height:1.4!important}.layout_blog_8 .usg_post_title_1{color:var(--color-content-heading)!important;font-size:1.8rem!important;line-height:1.2!important;margin-right:-35%!important;margin-bottom:0!important;padding-top:1rem!important;padding-right:1.2rem!important;padding-bottom:1rem!important;background:var(--color-content-bg)!important}.layout_blog_8 .usg_post_content_1{font-size:0.9rem!important;line-height:1.6!important;padding-right:1.5rem!important}@media (max-width:600px){.layout_blog_8 .usg_post_title_1{font-size:1.2rem!important;margin-right:0!important;padding-bottom:0!important}}<\/style><div class=\"w-grid-list\">\t<article class=\"w-grid-item post-3523 post type-post status-publish format-standard has-post-thumbnail hentry category-norvegijos-finansinio-mechanizmo-galimybes\" data-id=\"3523\">\r\n\t\t<div class=\"w-grid-item-h\">\r\n\t\t\t\t\t\t<div class=\"w-hwrapper usg_hwrapper_1 align_none valign_top\"><div class=\"w-vwrapper usg_vwrapper_1 align_none valign_top\"><div class=\"w-hwrapper usg_hwrapper_2 align_none valign_top wrap\"><div class=\"w-post-elm post_taxonomy usg_post_taxonomy_1 style_simple\"><a class=\"term-20 term-norvegijos-finansinio-mechanizmo-galimybes\" href=\"https:\/\/greenmanufacturing.tech\/lt\/category\/norvegijos-finansinio-mechanizmo-galimybes\/\">Norvegijos finansinio mechanizmo galimyb\u0117s<\/a><\/div><time class=\"w-post-elm post_date usg_post_date_1 has_text_color entry-date published\" datetime=\"2023-06-29T22:35:14+00:00\" title=\"29 bir\u017eelio 2023 22:35:14 +00:00\">prie\u0161 3 metai<\/time><\/div><h2 class=\"w-post-elm post_title usg_post_title_1 has_text_color entry-title color_link_inherit\"><a href=\"https:\/\/greenmanufacturing.tech\/lt\/atraskime-norvegijos-finansinio-mechanizmo-naudas\/\">Norvegijos finansini\u0173 mechanizm\u0173 naudos<\/a><\/h2><div class=\"w-post-elm post_content usg_post_content_1\">Atraskime Norvegijos finansini\u0173 mechanizm\u0173 naudas \u0160iandieniniame pasaulyje tvarus vystymasis tapo globaliu prioritetu. Vyriausyb\u0117s ir organizacijos aktyviai ie\u0161ko inovatyvi\u0173 sprendim\u0173 aplinkos i\u0161\u0161\u016bkiams spr\u0119sti, skatinti socialin\u012f&hellip;<\/div><\/div><div class=\"w-post-elm post_image usg_post_image_1 has_width has_ratio\"><div style=\"padding-bottom:100%\"><\/div><a href=\"https:\/\/greenmanufacturing.tech\/lt\/atraskime-norvegijos-finansinio-mechanizmo-naudas\/\" aria-label=\"Norvegijos finansini\u0173 mechanizm\u0173 naudos\"><img loading=\"lazy\" decoding=\"async\" width=\"1024\" height=\"768\" src=\"https:\/\/greenmanufacturing.tech\/wp-content\/uploads\/2023\/06\/5484529247_solar-Opportunities-with-the-Norwegian-Financial-Mechanism-.png\" class=\"attachment-large size-large wp-post-image\" alt=\"\" srcset=\"https:\/\/greenmanufacturing.tech\/wp-content\/uploads\/2023\/06\/5484529247_solar-Opportunities-with-the-Norwegian-Financial-Mechanism-.png 1024w, https:\/\/greenmanufacturing.tech\/wp-content\/uploads\/2023\/06\/5484529247_solar-Opportunities-with-the-Norwegian-Financial-Mechanism--300x225.png 300w\" sizes=\"(max-width: 1024px) 100vw, 1024px\" \/><\/a><\/div><\/div>\t\t<\/div>\r\n\t<\/article>\r\n\t<article class=\"w-grid-item post-3492 post type-post status-publish format-standard has-post-thumbnail hentry category-zalioji-gamyba\" data-id=\"3492\">\r\n\t\t<div class=\"w-grid-item-h\">\r\n\t\t\t\t\t\t<div class=\"w-hwrapper usg_hwrapper_1 align_none valign_top\"><div class=\"w-vwrapper usg_vwrapper_1 align_none valign_top\"><div class=\"w-hwrapper usg_hwrapper_2 align_none valign_top wrap\"><div class=\"w-post-elm post_taxonomy usg_post_taxonomy_1 style_simple\"><a class=\"term-19 term-zalioji-gamyba\" href=\"https:\/\/greenmanufacturing.tech\/lt\/category\/zalioji-gamyba\/\">\u017dalioji gamyba<\/a><\/div><time class=\"w-post-elm post_date usg_post_date_1 has_text_color entry-date published\" datetime=\"2023-03-06T19:20:44+00:00\" title=\"6 kovo 2023 19:20:44 +00:00\">prie\u0161 3 metai<\/time><\/div><h2 class=\"w-post-elm post_title usg_post_title_1 has_text_color entry-title color_link_inherit\"><a href=\"https:\/\/greenmanufacturing.tech\/lt\/kas-yra-zalioji-gamyba\/\">\u017dalioji gamyba, kas tai?<\/a><\/h2><div class=\"w-post-elm post_content usg_post_content_1\">\u017dalioji gamyba, kas tai? \u017dalia gamyba, taip pat \u017einoma kaip tvari gamyba, yra s\u0105voka, kuri skiriasi tuo, kad siekiama suma\u017einti aplinkos poveik\u012f ma\u017einant atliekas,&hellip;<\/div><\/div><div class=\"w-post-elm post_image usg_post_image_1 has_width has_ratio\"><div style=\"padding-bottom:100%\"><\/div><a href=\"https:\/\/greenmanufacturing.tech\/lt\/kas-yra-zalioji-gamyba\/\" aria-label=\"\u017dalioji gamyba, kas tai?\"><img loading=\"lazy\" decoding=\"async\" width=\"926\" height=\"1024\" src=\"https:\/\/greenmanufacturing.tech\/wp-content\/uploads\/2023\/04\/green-manu-926x1024.jpg\" class=\"attachment-large size-large wp-post-image\" alt=\"\" srcset=\"https:\/\/greenmanufacturing.tech\/wp-content\/uploads\/2023\/04\/green-manu-926x1024.jpg 926w, https:\/\/greenmanufacturing.tech\/wp-content\/uploads\/2023\/04\/green-manu-271x300.jpg 271w, https:\/\/greenmanufacturing.tech\/wp-content\/uploads\/2023\/04\/green-manu.jpg 1600w\" sizes=\"(max-width: 926px) 100vw, 926px\" \/><\/a><\/div><\/div>\t\t<\/div>\r\n\t<\/article>\r\n\t<article class=\"w-grid-item post-3496 post type-post status-publish format-standard has-post-thumbnail hentry category-zalioji-gamyba\" data-id=\"3496\">\r\n\t\t<div class=\"w-grid-item-h\">\r\n\t\t\t\t\t\t<div class=\"w-hwrapper usg_hwrapper_1 align_none valign_top\"><div class=\"w-vwrapper usg_vwrapper_1 align_none valign_top\"><div class=\"w-hwrapper usg_hwrapper_2 align_none valign_top wrap\"><div class=\"w-post-elm post_taxonomy usg_post_taxonomy_1 style_simple\"><a class=\"term-19 term-zalioji-gamyba\" href=\"https:\/\/greenmanufacturing.tech\/lt\/category\/zalioji-gamyba\/\">\u017dalioji gamyba<\/a><\/div><time class=\"w-post-elm post_date usg_post_date_1 has_text_color entry-date published\" datetime=\"2023-02-10T19:29:35+00:00\" title=\"10 vasario 2023 19:29:35 +00:00\">prie\u0161 3 metai<\/time><\/div><h2 class=\"w-post-elm post_title usg_post_title_1 has_text_color entry-title color_link_inherit\"><a href=\"https:\/\/greenmanufacturing.tech\/lt\/zalioji-gamyba-ir-gerosios-praktikos\/\">\u017dalioji gamyba ir gerosios praktikos<\/a><\/h2><div class=\"w-post-elm post_content usg_post_content_1\">\u017dalioji gamyba yra s\u0105voka, kuri skiriasi tuo, kad siekiama suma\u017einti aplinkos poveik\u012f ma\u017einant atliekas, tar\u0161\u0105 ir tausojant gamtos i\u0161teklius visame gamybos procese. \u0160tai keletas&hellip;<\/div><\/div><div class=\"w-post-elm post_image usg_post_image_1 has_width has_ratio\"><div style=\"padding-bottom:100%\"><\/div><a href=\"https:\/\/greenmanufacturing.tech\/lt\/zalioji-gamyba-ir-gerosios-praktikos\/\" aria-label=\"\u017dalioji gamyba ir gerosios praktikos\"><img loading=\"lazy\" decoding=\"async\" width=\"800\" height=\"533\" src=\"https:\/\/greenmanufacturing.tech\/wp-content\/uploads\/2023\/04\/2factory-workers-greeting-each-other-production-line.jpg\" class=\"attachment-large size-large wp-post-image\" alt=\"\" srcset=\"https:\/\/greenmanufacturing.tech\/wp-content\/uploads\/2023\/04\/2factory-workers-greeting-each-other-production-line.jpg 800w, https:\/\/greenmanufacturing.tech\/wp-content\/uploads\/2023\/04\/2factory-workers-greeting-each-other-production-line-300x200.jpg 300w\" sizes=\"(max-width: 800px) 100vw, 800px\" \/><\/a><\/div><\/div>\t\t<\/div>\r\n\t<\/article>\r\n<\/div><div class=\"w-grid-preloader\"><div class=\"g-preloader type_1\">\r\n\t<div><\/div>\r\n<\/div>\r\n<\/div>\t<div class=\"w-grid-json hidden\" onclick='return {&quot;action&quot;:&quot;us_ajax_grid&quot;,&quot;ajax_url&quot;:&quot;https:\\\/\\\/greenmanufacturing.tech\\\/wp-admin\\\/admin-ajax.php&quot;,&quot;infinite_scroll&quot;:0,&quot;max_num_pages&quot;:1,&quot;pagination&quot;:&quot;none&quot;,&quot;permalink_url&quot;:&quot;https:\\\/\\\/greenmanufacturing.tech\\\/lt\\\/wp-json\\\/wp\\\/v2\\\/pages\\\/3506\\\/&quot;,&quot;template_vars&quot;:{&quot;columns&quot;:&quot;2&quot;,&quot;exclude_items&quot;:&quot;none&quot;,&quot;img_size&quot;:&quot;default&quot;,&quot;ignore_items_size&quot;:0,&quot;items_layout&quot;:&quot;blog_8&quot;,&quot;items_offset&quot;:&quot;1&quot;,&quot;load_animation&quot;:&quot;none&quot;,&quot;overriding_link&quot;:&quot;none&quot;,&quot;post_id&quot;:0,&quot;query_args&quot;:{&quot;post_type&quot;:[&quot;post&quot;],&quot;tax_query&quot;:[{&quot;taxonomy&quot;:&quot;category&quot;,&quot;field&quot;:&quot;slug&quot;,&quot;terms&quot;:[&quot;green-manufacturing&quot;,&quot;industry-news&quot;,&quot;lithuania-and-norway-partnership&quot;,&quot;norway-grants-opportunities&quot;,&quot;success-stories&quot;]}],&quot;post_status&quot;:[&quot;publish&quot;],&quot;posts_per_page&quot;:&quot;10&quot;},&quot;orderby_query_args&quot;:{&quot;orderby&quot;:{&quot;date&quot;:&quot;DESC&quot;}},&quot;type&quot;:&quot;grid&quot;,&quot;us_grid_ajax_index&quot;:1,&quot;us_grid_filter_params&quot;:null,&quot;us_grid_index&quot;:1,&quot;_us_grid_post_type&quot;:&quot;post&quot;,&quot;page_args&quot;:[],&quot;lang&quot;:&quot;lt&quot;}}'><\/div>\r\n\t<\/div><\/div><\/div><\/div><\/div><\/section>\n","protected":false},"excerpt":{"rendered":"\u017dalioji gamyba yra s\u0105voka, kuri skiriasi tuo, kad siekiama suma\u017einti aplinkos poveik\u012f ma\u017einant atliekas, tar\u0161\u0105 ir tausojant gamtos i\u0161teklius visame gamybos procese. \u0160tai keletas ger\u0173j\u0173 praktik\u0173 \u017ealiosios gamybos srityje, kurias gamintojai gali \u012fgyvendinti siekdami skatinti tvarum\u0105: 1. Rinktis atsinaujinan\u010dius energijos \u0161altinius: Vienas i\u0161 svarbiausi\u0173 \u017ealiosios gamybos praktik\u0173 yra atsinaujinan\u010di\u0173 energijos \u0161altini\u0173 naudojimas. Gamybos \u012fmon\u0117s gali...","protected":false},"author":1,"featured_media":0,"parent":0,"menu_order":0,"comment_status":"closed","ping_status":"closed","template":"","meta":{"_monsterinsights_skip_tracking":false,"_monsterinsights_sitenote_active":false,"_monsterinsights_sitenote_note":"","_monsterinsights_sitenote_category":0,"footnotes":""},"_links":{"self":[{"href":"https:\/\/greenmanufacturing.tech\/lt\/wp-json\/wp\/v2\/pages\/3506"}],"collection":[{"href":"https:\/\/greenmanufacturing.tech\/lt\/wp-json\/wp\/v2\/pages"}],"about":[{"href":"https:\/\/greenmanufacturing.tech\/lt\/wp-json\/wp\/v2\/types\/page"}],"author":[{"embeddable":true,"href":"https:\/\/greenmanufacturing.tech\/lt\/wp-json\/wp\/v2\/users\/1"}],"replies":[{"embeddable":true,"href":"https:\/\/greenmanufacturing.tech\/lt\/wp-json\/wp\/v2\/comments?post=3506"}],"version-history":[{"count":3,"href":"https:\/\/greenmanufacturing.tech\/lt\/wp-json\/wp\/v2\/pages\/3506\/revisions"}],"predecessor-version":[{"id":3530,"href":"https:\/\/greenmanufacturing.tech\/lt\/wp-json\/wp\/v2\/pages\/3506\/revisions\/3530"}],"wp:attachment":[{"href":"https:\/\/greenmanufacturing.tech\/lt\/wp-json\/wp\/v2\/media?parent=3506"}],"curies":[{"name":"wp","href":"https:\/\/api.w.org\/{rel}","templated":true}]}}