{"id":3542,"date":"2023-04-10T19:12:22","date_gmt":"2023-04-10T19:12:22","guid":{"rendered":"https:\/\/greenmanufacturing.tech\/partneriai\/"},"modified":"2023-07-10T14:26:24","modified_gmt":"2023-07-10T14:26:24","slug":"partneriai","status":"publish","type":"page","link":"https:\/\/greenmanufacturing.tech\/lt\/partneriai\/","title":{"rendered":"Partneriai"},"content":{"rendered":"<section class=\"l-section wpb_row us_custom_315b8835 height_medium\"><div class=\"l-section-h i-cf\"><div class=\"g-cols vc_row via_grid cols_1-2 laptops-cols_inherit tablets-cols_inherit mobiles-cols_1 valign_middle type_default reversed\" style=\"grid-gap:5vw;\"><div class=\"wpb_column vc_column_container\"><div class=\"vc_column-inner\"><div class=\"w-image align_none\"><div class=\"w-image-h\"><img loading=\"lazy\" decoding=\"async\" width=\"600\" height=\"214\" src=\"https:\/\/greenmanufacturing.tech\/wp-content\/uploads\/2023\/04\/MET_logo_small.jpg\" class=\"attachment-large size-large\" alt=\"\" srcset=\"https:\/\/greenmanufacturing.tech\/wp-content\/uploads\/2023\/04\/MET_logo_small.jpg 600w, https:\/\/greenmanufacturing.tech\/wp-content\/uploads\/2023\/04\/MET_logo_small-300x107.jpg 300w\" sizes=\"(max-width: 600px) 100vw, 600px\" \/><\/div><\/div><\/div><\/div><div class=\"wpb_column vc_column_container us_custom_7e20fa79 us_animate_this\"><div class=\"vc_column-inner\"><div class=\"wpb_text_column\"><div class=\"wpb_wrapper\"><h4>UAB \u201cModernios E-Technologijos\u201d<\/h4>\n<p><span style=\"font-weight: 400;\">UAB \u201eModernios E-Technologijos\u201c (MET), pirmoji \u0161io projekto partner\u0117.\u00a0<\/span><\/p>\n<p><span style=\"font-weight: 400;\">2007 m. \u012fkurtoje \u012fmon\u0117je veiklas vykdo tyr\u0117jai ir k\u016br\u0117jai, kurie siekis yra gyventi atsinaujinan\u010dios energijos, \u0161ilumos kaupimo sistem\u0173 ir specifini\u0173 chemini\u0173 med\u017eiag\u0173, skirt\u0173 fotovoltin\u0117s pramon\u0117s srityse,\u00a0 suk\u016brim\u0105. Pagrindinis \u012fmon\u0117s tikslas \u2013 energetikos ir kit\u0173 technologin\u0117ms naujov\u0117ms jautri\u0173 sri\u010di\u0173 \u012frangos, prietais\u0173 ir komponent\u0173 gamyba. MET strateginiai tikslai energetikos srityje, \u0161iuo metu pirmiausia siejami su fotovoltin\u0117mis (FE) programomis ir technologiniais energijos taupymo sprendimais.<\/span><\/p>\n<p><span style=\"font-weight: 400;\">MET turi didel\u0119 patirt\u012f \u012fgyvendinant ES, BP7, H2020 ir ES strukt\u016brini\u0173 fond\u0173 projektus, bei pritraukiant\u00a0 investicijas \u012fmon\u0117s sukurtoms ir patentuotoms technologijoms gamyboje diegti. Bendradarbiaujant su mokslininkais siekiama sukurti gamybos technologijas, i\u0161bandyti jas eksperimentin\u0117je gamyboje ir \u012fdiegti masin\u0119 gamyb\u0105.<\/span><\/p>\n<p><span style=\"font-weight: 400;\">Partneryst\u0117 su mokslo institucijomis ir verslo partneriais sukuria sinergijos efekt\u0105 siekiant bendr\u0173 tiksl\u0173 \u2013 apjungiant \u017einias ir MTEP i\u0161teklius.<\/span><\/p>\n<p><span style=\"font-weight: 400;\">Projekt\u0105 planuojama \u012fgyvendinti su partneriu i\u0161 Norvegijos Sunlit Sea AS, su kuriuo Parei\u0161k\u0117jas UAB \u201eModernios E-Technologijos\u201c bendradarbiavim\u0105 prad\u0117jo 2020 m.<\/span><\/p>\n<\/div><\/div><div class=\"w-separator size_medium\"><\/div><div class=\"w-btn-wrapper align_none\"><a class=\"w-btn us-btn-style_1\" target=\"_blank\" href=\"https:\/\/met.lt\" rel=\"noopener\"><span class=\"w-btn-label\">Su\u017einokite daugiau<\/span><\/a><\/div><\/div><\/div><\/div><\/div><\/section><section class=\"l-section wpb_row us_custom_315b8835 height_medium\"><div class=\"l-section-h i-cf\"><div class=\"g-cols vc_row via_grid cols_2-1 laptops-cols_inherit tablets-cols_inherit mobiles-cols_1 valign_middle type_default\" style=\"grid-gap:5vw;\"><div class=\"wpb_column vc_column_container us_custom_7e20fa79 us_animate_this\"><div class=\"vc_column-inner\"><div class=\"wpb_text_column\"><div class=\"wpb_wrapper\"><h4>Sunlit Sea A\/S<\/h4>\n<p>&#8222;Sunlit Sea&#8221;, partner\u0117 \u012fmon\u0117 \u0161iame projekte, yra technologij\u0173 tiek\u0117ja pl\u016bdan\u010dios saul\u0117s energetikos industrijai ir buvo \u012fkurta Per Lindberg ir Kodeworks AS 2019 metais. Turint nauj\u0105 ir spar\u010diai augan\u010di\u0105 rink\u0105, &#8222;Sunlit Sea&#8221; siekia i\u0161naudoti potencial\u0105 optimizuoti s\u0105naudas, ilgaam\u017ei\u0161kum\u0105, energijos gamyb\u0105, veikim\u0105 ir prie\u017ei\u016br\u0105, degradacij\u0105, saugum\u0105 ir i\u0161montavim\u0105.<\/p>\n<p>Turime ypatingai ger\u0105 komand\u0105 ir partneri\u0173 param\u0105, tod\u0117l esame tinkami \u0161iam darbui ir pasireng\u0119 revoliucijuoti pl\u016bdan\u010dios saul\u0117s energetik\u0105, pagr\u012fst\u0105 vandenyno pavir\u0161iuje.<\/p>\n<\/div><\/div><div class=\"w-separator size_medium\"><\/div><div class=\"w-btn-wrapper align_none\"><a class=\"w-btn us-btn-style_1\" target=\"_blank\" href=\"https:\/\/sunlitsea.no\/\" rel=\"noopener\"><span class=\"w-btn-label\">Su\u017einokite daugiau<\/span><\/a><\/div><\/div><\/div><div class=\"wpb_column vc_column_container us_custom_47474b22 us_animate_this\"><div class=\"vc_column-inner\"><div class=\"w-image us_custom_0db20381 align_none\"><div class=\"w-image-h\"><img loading=\"lazy\" decoding=\"async\" width=\"1024\" height=\"651\" src=\"https:\/\/greenmanufacturing.tech\/wp-content\/uploads\/2023\/04\/Sunlit-Sea-1-1024x651.png\" class=\"attachment-large size-large\" alt=\"\" srcset=\"https:\/\/greenmanufacturing.tech\/wp-content\/uploads\/2023\/04\/Sunlit-Sea-1-1024x651.png 1024w, https:\/\/greenmanufacturing.tech\/wp-content\/uploads\/2023\/04\/Sunlit-Sea-1-300x191.png 300w, https:\/\/greenmanufacturing.tech\/wp-content\/uploads\/2023\/04\/Sunlit-Sea-1.png 1700w\" sizes=\"(max-width: 1024px) 100vw, 1024px\" \/><\/div><\/div><\/div><\/div><\/div><\/div><\/section>\n","protected":false},"excerpt":{"rendered":"UAB \u201cModernios E-Technologijos\u201d UAB \u201eModernios E-Technologijos\u201c (MET), pirmoji \u0161io projekto partner\u0117.\u00a0 2007 m. \u012fkurtoje \u012fmon\u0117je veiklas vykdo tyr\u0117jai ir k\u016br\u0117jai, kurie siekis yra gyventi atsinaujinan\u010dios energijos, \u0161ilumos kaupimo sistem\u0173 ir specifini\u0173 chemini\u0173 med\u017eiag\u0173, skirt\u0173 fotovoltin\u0117s pramon\u0117s srityse,\u00a0 suk\u016brim\u0105. Pagrindinis \u012fmon\u0117s tikslas \u2013 energetikos ir kit\u0173 technologin\u0117ms naujov\u0117ms jautri\u0173 sri\u010di\u0173 \u012frangos, prietais\u0173 ir komponent\u0173 gamyba. MET...","protected":false},"author":1,"featured_media":0,"parent":0,"menu_order":0,"comment_status":"closed","ping_status":"closed","template":"","meta":{"_monsterinsights_skip_tracking":false,"_monsterinsights_sitenote_active":false,"_monsterinsights_sitenote_note":"","_monsterinsights_sitenote_category":0,"footnotes":""},"_links":{"self":[{"href":"https:\/\/greenmanufacturing.tech\/lt\/wp-json\/wp\/v2\/pages\/3542"}],"collection":[{"href":"https:\/\/greenmanufacturing.tech\/lt\/wp-json\/wp\/v2\/pages"}],"about":[{"href":"https:\/\/greenmanufacturing.tech\/lt\/wp-json\/wp\/v2\/types\/page"}],"author":[{"embeddable":true,"href":"https:\/\/greenmanufacturing.tech\/lt\/wp-json\/wp\/v2\/users\/1"}],"replies":[{"embeddable":true,"href":"https:\/\/greenmanufacturing.tech\/lt\/wp-json\/wp\/v2\/comments?post=3542"}],"version-history":[{"count":2,"href":"https:\/\/greenmanufacturing.tech\/lt\/wp-json\/wp\/v2\/pages\/3542\/revisions"}],"predecessor-version":[{"id":3544,"href":"https:\/\/greenmanufacturing.tech\/lt\/wp-json\/wp\/v2\/pages\/3542\/revisions\/3544"}],"wp:attachment":[{"href":"https:\/\/greenmanufacturing.tech\/lt\/wp-json\/wp\/v2\/media?parent=3542"}],"curies":[{"name":"wp","href":"https:\/\/api.w.org\/{rel}","templated":true}]}}